{"id":2067,"date":"2025-07-22T13:54:51","date_gmt":"2025-07-22T13:54:51","guid":{"rendered":"https:\/\/metateksti.com\/tatuointitutkimus\/?page_id=2067"},"modified":"2025-07-23T16:52:03","modified_gmt":"2025-07-23T16:52:03","slug":"tutkimukseen-osallistuvan-suostumuslomake","status":"publish","type":"page","link":"https:\/\/metateksti.com\/tatuointitutkimus\/index.php\/tutkimukseen-osallistuvan-suostumuslomake\/","title":{"rendered":"Tutkimukseen osallistuvan suostumuslomake"},"content":{"rendered":"<p>Osallistumalla t\u00e4h\u00e4n tutkimukseen annat henkil\u00f6kohtaisen suostumuksen.<\/p>\n<p>Sinun ei tarvitse t\u00e4ytt\u00e4\u00e4 tai allekirjoittaa lomaketta t\u00e4ss\u00e4 vaiheessa kun kirjoitat oman tatuointitarinasi sivuston kautta. Allekirjoitamme lomakkeen esimerkiksi haastattelun alussa tai pyyd\u00e4n tarvittaessa allekirjoitusta erikseen s\u00e4hk\u00f6postitse mik\u00e4li annat yhteystietosi. Lomaketta tullaan laatimaan kaksi kappaletta, yksi tutkimukseen osallistuvalle ja yksi Oulun yliopiston tutkijalle.<\/p>\n<p>Lomake l\u00f6ytyy PDF-muodossa t\u00e4\u00e4lt\u00e4 <a href=\"https:\/\/metateksti.com\/tatuointitutkimus\/wp-content\/uploads\/2025\/07\/Tutkimukseen-osallistuvan-suostumuslomake-2025-nettiversio.pdf\" target=\"_blank\" rel=\"noopener\">tutkimukseen osallistuvan suostumuslomake.<\/a><\/p>\n<p>&nbsp;<\/p>\n<p>Alla on esimerkki tutkimukseen osallistuvan kanssa allekirjoitettavasta suostumuslomakkeesta. Sis\u00e4lt\u00f6 on sama kuin linkin kautta avautuvassa pdf-muotoisessa dokumentissakin.<\/p>\n<hr \/>\n<p><img loading=\"lazy\" decoding=\"async\" class=\"alignnone size-medium wp-image-2072\" src=\"https:\/\/metateksti.com\/tatuointitutkimus\/wp-content\/uploads\/2025\/07\/Oulun-yliopisto-logo-300x77.png\" alt=\"\" width=\"300\" height=\"77\" srcset=\"https:\/\/metateksti.com\/tatuointitutkimus\/wp-content\/uploads\/2025\/07\/Oulun-yliopisto-logo-300x77.png 300w, https:\/\/metateksti.com\/tatuointitutkimus\/wp-content\/uploads\/2025\/07\/Oulun-yliopisto-logo.png 689w\" sizes=\"auto, (max-width: 300px) 100vw, 300px\" \/><\/p>\n<p><span style=\"color: #0000ff;\">KURSSI\/OPINN\u00c4YTETY\u00d6TUTKIMUKSEEN OSALLISTUJAN EI JULKINEN SUOSTUMUS<\/span><br \/>\n<span style=\"color: #0000ff;\">EU:N Yleinen tietosuoja-asetus 12-14 Art. P\u00e4iv\u00e4ys: 22.7.2025<\/span><\/p>\n<p class=\"western\" lang=\"en-GB\" align=\"center\"><span style=\"font-family: Calibri, serif;\"><span lang=\"fi-FI\"><b>TUTKIMUKSEEN OSALLISTUVIEN SUOSTUMUSLOMAKE<\/b><\/span><\/span><\/p>\n<p class=\"western\" lang=\"en-GB\" align=\"center\">\u201d<span style=\"font-family: Calibri, serif;\"><span lang=\"fi-FI\"><b>Kansallisten symbolien monitulkintaisuus tatuoinneissa\u201d.<\/b><\/span><\/span><\/p>\n<p class=\"western\" lang=\"en-GB\" align=\"justify\"><span style=\"font-family: Calibri, serif;\"><span lang=\"fi-FI\">Olen ymm\u00e4rt\u00e4nyt, ett\u00e4 tutkimukseen osallistuminen on vapaaehtoista ja voin milloin tahansa ilmoittaa, etten en\u00e4\u00e4 halua osallistua tutkimukseen. <\/span><\/span><\/p>\n<p class=\"western\" lang=\"en-GB\" align=\"justify\"><span style=\"font-family: Calibri, serif;\"><span lang=\"fi-FI\">Ymm\u00e4rr\u00e4n, ett\u00e4 jokaisella tutkimuksen aineistonkeruuseen osallistuvalla on oikeus esiintymiseen nimett\u00f6m\u00e4n\u00e4, peitenimell\u00e4 tai omalla nimell\u00e4\u00e4n. Haastattelutilanteessa voin kielt\u00e4yty\u00e4 vastaamasta kysymyksiin, ja valo- ja videokuvauksesta sovitaan erikseen kuvaustilanteissa. Minulla on my\u00f6s oikeus saada kopio minulta ker\u00e4tyst\u00e4 tutkimusaineistosta.<\/span><\/span><\/p>\n<p class=\"western\" lang=\"en-GB\" align=\"justify\"><span style=\"font-family: Calibri, serif;\"><span lang=\"fi-FI\">Olen saanut tutkimuksesta riitt\u00e4v\u00e4t tiedot, minulla on ollut mahdollisuus saada vastaukset kysymyksiini, olen ymm\u00e4rt\u00e4nyt saamani tiedot ja haluan osallistua tutkimukseen. Olen tutustunut minulle annettuun, t\u00e4t\u00e4 tutkimusta koskevaan tietosuojailmoitukseen, joka on annettu kaikille tutkimukseen osallistuville ennen t\u00e4m\u00e4n lomakkeen allekirjoittamista. <\/span><\/span><\/p>\n<p class=\"western\" lang=\"en-GB\" align=\"justify\"><span style=\"font-family: Calibri, serif;\"><span lang=\"fi-FI\"><b>Allekirjoittamalla t\u00e4m\u00e4n lomakkeen annan vapaaehtoisen ja tietoisen suostumukseni henkil\u00f6tietojeni k\u00e4sittelyyn tutkimustarkoitusta varten minulle annetun tietosuojailmoituksen mukaisesti<\/b><\/span><\/span><span style=\"font-family: Calibri, serif;\"><span lang=\"fi-FI\">. Voin peruuttaa suostumukseni milloin tahansa ilmoittamalla t\u00e4st\u00e4 alla mainittuun tutkijan s\u00e4hk\u00f6postiin. Suostumukseni peruuttaminen ja minulta ennen peruuttamista ker\u00e4tyn aineiston tuhoaminen ei vaikuta ennen peruuttamista tehdyn tutkimuksen lainmukaisuuteen.<\/span><\/span><\/p>\n<p class=\"western\" lang=\"en-GB\"><span style=\"font-family: Calibri, serif;\"><span lang=\"fi-FI\">Tutkimuksen j\u00e4lkeen aineisto tunnistetietoineen tallennetaan tutkijan henkil\u00f6kohtaiseen arkistoon h\u00e4nen omaa jatkotutkimustaan varten. Tutkimuksessa syntyv\u00e4 aineisto (haastattelunauhoitukset ja niiden kirjalliset kopiot, kentt\u00e4muistiinpanot, valokuvat ja videot) tallennetaan digitaalisessa muodossa Oulun yliopiston Kulttuuriantropologian oppiaineen opetus- ja tutkimusarkistoon. Lis\u00e4tietoja l\u00f6ytyy tutkimuksen tietosuojailmoituksesta.<\/span><\/span><\/p>\n<p class=\"western\" lang=\"en-GB\" align=\"justify\">Nime\u00e4ni saa k\u00e4ytt\u00e4\u00e4 harjoitust\u00f6iss\u00e4, tutkielmissa ja tieteellisiss\u00e4 julkaisuissa: Kyll\u00e4<b> <\/b><span style=\"font-family: MS Gothic, serif;\"><span style=\"font-size: large;\"><b>\u2610<\/b><\/span><\/span><b>\u00a0<\/b><span style=\"font-family: Calibri, serif;\">Ei<\/span><b> <\/b><span style=\"font-family: MS Gothic, serif;\"><span style=\"font-size: large;\"><b>\u2610<\/b><\/span><\/span><\/p>\n<p class=\"western\" lang=\"en-GB\"><span style=\"font-family: Calibri, serif;\"><span lang=\"fi-FI\"><b>Tutkimukseen osallistujan allekirjoitus ja tutkimuksessa tarvittavat tiedot<\/b><\/span><\/span><\/p>\n<p class=\"western\" lang=\"en-GB\"><span style=\"font-family: Calibri, serif;\"><span style=\"font-size: small;\"><span lang=\"fi-FI\">Allekirjoitus:<\/span><\/span><\/span><\/p>\n<p class=\"western\" lang=\"en-GB\"><span style=\"font-family: Calibri, serif;\"><span style=\"font-size: small;\"><span lang=\"fi-FI\">Nimenselvennys:<\/span><\/span><\/span><\/p>\n<p class=\"western\" lang=\"en-GB\"><span style=\"font-family: Calibri, serif;\"><span style=\"font-size: small;\"><span lang=\"fi-FI\">Yhteystiedot (s\u00e4hk\u00f6posti ja\/tai puh. nro)<\/span><\/span><\/span><\/p>\n<p class=\"western\" lang=\"en-GB\"><span style=\"font-family: Calibri, serif;\"><span style=\"font-size: small;\"><span lang=\"fi-FI\">Tutkijan allekirjoitus: <\/span><\/span><\/span><\/p>\n<p class=\"western\" lang=\"en-GB\"><span style=\"font-family: Calibri, serif;\"><span style=\"font-size: small;\"><span lang=\"fi-FI\">Paikka ja p\u00e4iv\u00e4ys:<\/span><\/span><\/span><u> <\/u><\/p>\n<p class=\"western\" lang=\"en-GB\"><span style=\"font-family: Calibri, serif;\"><span style=\"font-size: small;\"><span lang=\"fi-FI\">Tutkijan yhteystieto: <\/span><\/span><\/span><u> <\/u><\/p>\n","protected":false},"excerpt":{"rendered":"<p>Osallistumalla t\u00e4h\u00e4n tutkimukseen annat henkil\u00f6kohtaisen suostumuksen. Sinun ei tarvitse t\u00e4ytt\u00e4\u00e4 tai allekirjoittaa lomaketta t\u00e4ss\u00e4 vaiheessa kun kirjoitat oman tatuointitarinasi sivuston kautta. Allekirjoitamme lomakkeen esimerkiksi haastattelun alussa tai pyyd\u00e4n tarvittaessa allekirjoitusta erikseen s\u00e4hk\u00f6postitse mik\u00e4li annat yhteystietosi. Lomaketta tullaan laatimaan kaksi kappaletta, yksi tutkimukseen osallistuvalle ja yksi Oulun yliopiston tutkijalle. Lomake l\u00f6ytyy PDF-muodossa t\u00e4\u00e4lt\u00e4 tutkimukseen osallistuvan suostumuslomake. &#8230; <a title=\"Tutkimukseen osallistuvan suostumuslomake\" class=\"read-more\" href=\"https:\/\/metateksti.com\/tatuointitutkimus\/index.php\/tutkimukseen-osallistuvan-suostumuslomake\/\" aria-label=\"Lue lis\u00e4\u00e4 aiheesta Tutkimukseen osallistuvan suostumuslomake\">Lue lis\u00e4\u00e4<\/a><\/p>\n","protected":false},"author":1,"featured_media":0,"parent":0,"menu_order":0,"comment_status":"closed","ping_status":"closed","template":"","meta":{"footnotes":""},"class_list":["post-2067","page","type-page","status-publish"],"_links":{"self":[{"href":"https:\/\/metateksti.com\/tatuointitutkimus\/index.php\/wp-json\/wp\/v2\/pages\/2067","targetHints":{"allow":["GET"]}}],"collection":[{"href":"https:\/\/metateksti.com\/tatuointitutkimus\/index.php\/wp-json\/wp\/v2\/pages"}],"about":[{"href":"https:\/\/metateksti.com\/tatuointitutkimus\/index.php\/wp-json\/wp\/v2\/types\/page"}],"author":[{"embeddable":true,"href":"https:\/\/metateksti.com\/tatuointitutkimus\/index.php\/wp-json\/wp\/v2\/users\/1"}],"replies":[{"embeddable":true,"href":"https:\/\/metateksti.com\/tatuointitutkimus\/index.php\/wp-json\/wp\/v2\/comments?post=2067"}],"version-history":[{"count":8,"href":"https:\/\/metateksti.com\/tatuointitutkimus\/index.php\/wp-json\/wp\/v2\/pages\/2067\/revisions"}],"predecessor-version":[{"id":2099,"href":"https:\/\/metateksti.com\/tatuointitutkimus\/index.php\/wp-json\/wp\/v2\/pages\/2067\/revisions\/2099"}],"wp:attachment":[{"href":"https:\/\/metateksti.com\/tatuointitutkimus\/index.php\/wp-json\/wp\/v2\/media?parent=2067"}],"curies":[{"name":"wp","href":"https:\/\/api.w.org\/{rel}","templated":true}]}}