{"id":2147,"date":"2025-08-02T07:33:30","date_gmt":"2025-08-02T07:33:30","guid":{"rendered":"https:\/\/metateksti.com\/tatuointitutkimus\/?page_id=2147"},"modified":"2025-12-31T13:07:05","modified_gmt":"2025-12-31T13:07:05","slug":"tutkimuksen-taustaa","status":"publish","type":"page","link":"https:\/\/metateksti.com\/tatuointitutkimus\/index.php\/tutkimuksen-taustaa\/","title":{"rendered":"Tutkimuksen taustaa"},"content":{"rendered":"<p>Suomesta on vuosisatojen ja vuosikymmenien saatossa l\u00e4hdetty paremman ja turvatumman elinkeinon per\u00e4ss\u00e4 moniin maihin. Kuinka Suomi ja suomalaisuus n\u00e4kyi ja n\u00e4kyy ulkosuomalaisten el\u00e4m\u00e4ss\u00e4? Millaisia tunnesiteit\u00e4 ja merkityksi\u00e4 Suomi ja suomalaisuus ovat saaneet eri aikoina? Miss\u00e4 asioissa ja kuinka ne n\u00e4kyv\u00e4t? Ajattelevatko ensimm\u00e4isen polven ihmiset eri tavalla Suomesta ja suomalaisuudesta kuin toisen tai kolmannen polven henkil\u00f6t? Kuinka suomalaisuus on n\u00e4kynyt arjessa eri aikoina? N\u00e4kyv\u00e4tk\u00f6 n\u00e4m\u00e4 seikat esimerkiksi tatuoinneissa?<\/p>\n<p><a href=\"https:\/\/metateksti.com\/tatuointitutkimus\/\">Kerro tarinasi t\u00e4\u00e4ll\u00e4.<\/a><\/p>\n<p><a href=\"https:\/\/www.oulu.fi\/fi\/hae\/kandidaattiohjelmat\/kulttuuriantropologia-ja-arkeologia\" target=\"_blank\" rel=\"noopener\">Tietoa opinahjostani (Kulttuuriantropologia ja arkeologia)<\/a><\/p>\n","protected":false},"excerpt":{"rendered":"<p>Suomesta on vuosisatojen ja vuosikymmenien saatossa l\u00e4hdetty paremman ja turvatumman elinkeinon per\u00e4ss\u00e4 moniin maihin. Kuinka Suomi ja suomalaisuus n\u00e4kyi ja n\u00e4kyy ulkosuomalaisten el\u00e4m\u00e4ss\u00e4? Millaisia tunnesiteit\u00e4 ja merkityksi\u00e4 Suomi ja suomalaisuus ovat saaneet eri aikoina? Miss\u00e4 asioissa ja kuinka ne n\u00e4kyv\u00e4t? Ajattelevatko ensimm\u00e4isen polven ihmiset eri tavalla Suomesta ja suomalaisuudesta kuin toisen tai kolmannen polven henkil\u00f6t? &#8230; <a title=\"Tutkimuksen taustaa\" class=\"read-more\" href=\"https:\/\/metateksti.com\/tatuointitutkimus\/index.php\/tutkimuksen-taustaa\/\" aria-label=\"Lue lis\u00e4\u00e4 aiheesta Tutkimuksen taustaa\">Lue lis\u00e4\u00e4<\/a><\/p>\n","protected":false},"author":1,"featured_media":0,"parent":0,"menu_order":0,"comment_status":"closed","ping_status":"closed","template":"","meta":{"footnotes":""},"class_list":["post-2147","page","type-page","status-publish"],"_links":{"self":[{"href":"https:\/\/metateksti.com\/tatuointitutkimus\/index.php\/wp-json\/wp\/v2\/pages\/2147","targetHints":{"allow":["GET"]}}],"collection":[{"href":"https:\/\/metateksti.com\/tatuointitutkimus\/index.php\/wp-json\/wp\/v2\/pages"}],"about":[{"href":"https:\/\/metateksti.com\/tatuointitutkimus\/index.php\/wp-json\/wp\/v2\/types\/page"}],"author":[{"embeddable":true,"href":"https:\/\/metateksti.com\/tatuointitutkimus\/index.php\/wp-json\/wp\/v2\/users\/1"}],"replies":[{"embeddable":true,"href":"https:\/\/metateksti.com\/tatuointitutkimus\/index.php\/wp-json\/wp\/v2\/comments?post=2147"}],"version-history":[{"count":3,"href":"https:\/\/metateksti.com\/tatuointitutkimus\/index.php\/wp-json\/wp\/v2\/pages\/2147\/revisions"}],"predecessor-version":[{"id":2161,"href":"https:\/\/metateksti.com\/tatuointitutkimus\/index.php\/wp-json\/wp\/v2\/pages\/2147\/revisions\/2161"}],"wp:attachment":[{"href":"https:\/\/metateksti.com\/tatuointitutkimus\/index.php\/wp-json\/wp\/v2\/media?parent=2147"}],"curies":[{"name":"wp","href":"https:\/\/api.w.org\/{rel}","templated":true}]}}